{"id":3,"date":"2024-10-01T12:01:46","date_gmt":"2024-10-01T10:01:46","guid":{"rendered":"http:\/\/osswaldigital.fr\/?page_id=3"},"modified":"2024-10-04T14:09:53","modified_gmt":"2024-10-04T12:09:53","slug":"politique-de-confidentialite","status":"publish","type":"page","link":"https:\/\/osswaldigital.fr\/index.php\/politique-de-confidentialite\/","title":{"rendered":"Politique de confidentialit\u00e9 et mentions l\u00e9gales"},"content":{"rendered":"<div class=\"fusion-fullwidth fullwidth-box fusion-builder-row-1 fusion-flex-container nonhundred-percent-fullwidth non-hundred-percent-height-scrolling\" style=\"--awb-border-radius-top-left:0px;--awb-border-radius-top-right:0px;--awb-border-radius-bottom-right:0px;--awb-border-radius-bottom-left:0px;--awb-flex-wrap:wrap;\" ><div class=\"fusion-builder-row fusion-row fusion-flex-align-items-flex-start fusion-flex-content-wrap\" style=\"max-width:1310.4px;margin-left: calc(-4% \/ 2 );margin-right: calc(-4% \/ 2 );\"><div class=\"fusion-layout-column fusion_builder_column fusion-builder-column-0 fusion_builder_column_1_1 1_1 fusion-flex-column\" style=\"--awb-bg-size:cover;--awb-width-large:100%;--awb-margin-top-large:0px;--awb-spacing-right-large:1.92%;--awb-margin-bottom-large:0px;--awb-spacing-left-large:1.92%;--awb-width-medium:100%;--awb-spacing-right-medium:1.92%;--awb-spacing-left-medium:1.92%;--awb-width-small:100%;--awb-spacing-right-small:1.92%;--awb-spacing-left-small:1.92%;\"><div class=\"fusion-column-wrapper fusion-flex-justify-content-flex-start fusion-content-layout-column\"><div class=\"fusion-text fusion-text-1\"><h1 class=\"wp-block-heading\" style=\"text-align: center;\"><span style=\"font-weight: 400;\">Mentions l\u00e9gales<\/span><\/h1>\n<p style=\"text-align: center;\"><span style=\"font-weight: 400;\">En vigueur le 4 octobre 2024<\/span><\/p>\n<h2><span style=\"font-weight: 400;\">Qui sommes-nous ?<\/span><\/h2>\n<p><span style=\"font-weight: 400;\">La soci\u00e9t\u00e9 <\/span><span style=\"font-weight: 400;\">\u00a0OSSWALD DIGITAL (nom commercial) au statut d\u2019auto-entrepreneur, Franck OSSWALD est dirigeant de cette soci\u00e9t\u00e9. Immatricul\u00e9 et affili\u00e9 \u00e0 l\u2019URSSAF sous le num\u00e9ro 520 524 224 00026<\/span><span style=\"font-weight: 400;\">.\u00a0<\/span><\/p>\n<h2><span style=\"font-weight: 400;\">D\u00e9finitions<\/span><\/h2>\n<p><span style=\"font-weight: 400;\">Dans les pr\u00e9sentes conditions g\u00e9n\u00e9rales d\u2019utilisation les mots ou expressions commen\u00e7ant avec une majuscule auront la signification suivante :<\/span><\/p>\n<p><span style=\"font-weight: 400;\">Mentions l\u00e9gales : d\u00e9signe le pr\u00e9sent document, y compris ses annexes.<\/span><\/p>\n<p><span style=\"font-weight: 400;\">Donn\u00e9es \u00e0 Caract\u00e8re Personnel\/Donn\u00e9es Personnelles : d\u00e9signe toute information susceptible de permettre l\u2019identification d\u2019une personne physique ou morale de mani\u00e8re directe ou indirecte (nom ; pr\u00e9nom ; adresse email ; adresse IP ; donn\u00e9es de navigation ; etc.), conform\u00e9ment \u00e0 la d\u00e9finition donn\u00e9e par l\u2019article 4 du R\u00e8glement G\u00e9n\u00e9ral de l\u2019Union Europ\u00e9enne sur la protection des Donn\u00e9es (RGPD 2016\/679).<\/span><\/p>\n<p><span style=\"font-weight: 400;\">Partie(s) : d\u00e9signe individuellement la Soci\u00e9t\u00e9 ou un Utilisateur et collectivement la Soci\u00e9t\u00e9 et un Utilisateur.<\/span><\/p>\n<p><span style=\"font-weight: 400;\">Site : d\u00e9signe le site internet dont la Soci\u00e9t\u00e9 est propri\u00e9taire et \u00e9ditrice : osswaldigital.fr<\/span><\/p>\n<p><span style=\"font-weight: 400;\">Soci\u00e9t\u00e9 : d\u00e9signe la soci\u00e9t\u00e9 OSSWALD DIGITAL (nom commercial) et l\u2019entrepreneur Franck OSSWALD.<\/span><\/p>\n<p><span style=\"font-weight: 400;\">Utilisateurs : d\u00e9signe toute personne (physique ou morale) qui visite le site.<\/span><\/p>\n<h2><span style=\"font-weight: 400;\">Mentions l\u00e9gales<\/span><\/h2>\n<p><span style=\"font-weight: 400;\">Le directeur de la publication est Monsieur Franck OSSWALD.<\/span><\/p>\n<p><span style=\"font-weight: 400;\">Le site est h\u00e9berg\u00e9 par la soci\u00e9t\u00e9 OVH, SAS au capital social de 10 069 020 EUR, immatricul\u00e9e au RCS de Lille M\u00e9tropole sous le num\u00e9ro 424 761 419 00045, dont le si\u00e8ge social est situ\u00e9 2 rue Kellermann \u2013 59100 Roubaix (France).<\/span><\/p>\n<p><span style=\"font-weight: 400;\">Les Donn\u00e9es Personnelles recueillies sont h\u00e9berg\u00e9es par la soci\u00e9t\u00e9 OVH, SAS au capital social de 10 069 020 EUR, immatricul\u00e9e au RCS de Lille M\u00e9tropole sous le num\u00e9ro 424 761 419 00045, dont le si\u00e8ge social est situ\u00e9 2 rue Kellermann \u2013 59100 Roubaix (France).<\/span><\/p>\n<h2><span style=\"font-weight: 400;\">Modification des mentions l\u00e9gales<\/span><\/h2>\n<p><span style=\"font-weight: 400;\">Les mentions l\u00e9gales applicables sont celles en vigueur \u00e0 la date \u00e0 laquelle l\u2019utilisateur renseigne sur le Site les informations requises.<\/span><\/p>\n<p><span style=\"font-weight: 400;\">Les pr\u00e9sentes mentions l\u00e9gales sont disponibles sur le Site.<\/span><\/p>\n<p><span style=\"font-weight: 400;\">Toutefois, la Soci\u00e9t\u00e9 peut \u00eatre amen\u00e9e \u00e0 modifier les pr\u00e9sentes \u00e0 tout moment, sans pr\u00e9avis, sous r\u00e9serve d\u2019en informer ses Utilisateurs d\u00e8s l\u2019entr\u00e9e en vigueur de ces modifications par email et\/ou par la publication desdites modifications sur le Site.<\/span><\/p>\n<p><span style=\"font-weight: 400;\">La Soci\u00e9t\u00e9 actualisera les mentions l\u00e9gales en indiquant la date de derni\u00e8re mise \u00e0 jour en haut \u00e0 droite des pr\u00e9sentes.<\/span><\/p>\n<h2><span style=\"font-weight: 400;\">Responsabilit\u00e9<\/span><\/h2>\n<p><span style=\"font-weight: 400;\">La responsabilit\u00e9 de la Soci\u00e9t\u00e9 ne saurait \u00eatre engag\u00e9e pour tous les inconv\u00e9nients ou dommages inh\u00e9rents \u00e0 l\u2019utilisation du r\u00e9seau internet, notamment une interruption ou rupture de service, une intrusion ext\u00e9rieure ou la pr\u00e9sence de virus informatiques.<\/span><\/p>\n<p><span style=\"font-weight: 400;\">Le responsable de traitement des donn\u00e9es est la Soci\u00e9t\u00e9, au sens de la loi Informatique et libert\u00e9s et \u00e0 compter du 25 mai 2018 du R\u00e8glement 2016\/679 sur la protection des donn\u00e9es \u00e0 caract\u00e8re personnel.<\/span><\/p>\n<h2><span style=\"font-weight: 400;\">Propri\u00e9t\u00e9 intellectuelle<\/span><\/h2>\n<p><span style=\"font-weight: 400;\">L\u2019int\u00e9gralit\u00e9 des \u00e9l\u00e9ments contenus sur le Site dont la Soci\u00e9t\u00e9 est \u00e9ditrice, sont prot\u00e9g\u00e9s par les lois relatives \u00e0 la propri\u00e9t\u00e9 intellectuelle.<\/span><\/p>\n<p><span style=\"font-weight: 400;\">Ainsi, la Soci\u00e9t\u00e9 d\u00e9tient seule tous les droits, titres et int\u00e9r\u00eats, y compris tous les droits de propri\u00e9t\u00e9 intellectuelle li\u00e9s audit Site, ainsi que les id\u00e9es, suggestions, demandes d\u2019am\u00e9lioration, commentaires, recommandations et autres informations que les Utilisateurs et tiers communiqueraient au sujet du Site.<\/span><\/p>\n<p><span style=\"font-weight: 400;\">En outre, la Soci\u00e9t\u00e9 d\u00e9tient les droits d\u2019usage sur tous les \u00e9l\u00e9ments accessibles sur son Site, notamment les textes, images, graphismes, logo, ic\u00f4nes, sons, logiciels, etc. En cons\u00e9quence, toute reproduction, repr\u00e9sentation, modification, publication, adaptation totale ou partielle des \u00e9l\u00e9ments du Site, par quelque moyen ou proc\u00e9d\u00e9 que ce soit, est interdite, sauf accord pr\u00e9alable express consenti par la Soci\u00e9t\u00e9.<\/span><\/p>\n<h2><span style=\"font-weight: 400;\">Utilisation des Donn\u00e9es Personnelles collect\u00e9es<\/span><\/h2>\n<h3><span style=\"font-weight: 400;\">Utilisateurs du site<\/span><\/h3>\n<p><span style=\"font-weight: 400;\">Les Donn\u00e9es Personnelles des Utilisateurs sont notamment recueillies au moment du remplissage du formulaire de contact.<\/span><\/p>\n<p><span style=\"font-weight: 400;\">Les principales Donn\u00e9es Personnelles collect\u00e9es sont notamment : pr\u00e9nom, nom de famille, adresse e-mail, num\u00e9ro de t\u00e9l\u00e9phone et message.<\/span><\/p>\n<h3><span style=\"font-weight: 400;\">Finalit\u00e9s du traitement des Donn\u00e9es Personnelles r\u00e9colt\u00e9es<\/span><\/h3>\n<p><span style=\"font-weight: 400;\">Conform\u00e9ment \u00e0 la loi 78-17 du 6 janvier 1978, modifi\u00e9e par les lois du 6 ao\u00fbt 2004 et 20 juin 2018, la Soci\u00e9t\u00e9 s\u2019engage \u00e0 traiter les Donn\u00e9es Personnelles de ses Utilisateurs, afin notamment d\u2019ex\u00e9cuter les obligations qui sont les siennes au titre des Offres qu\u2019elle propose, de r\u00e9aliser des statistiques ou analyses, des prospections commerciales, ainsi que d\u2019envoyer des informations qualifi\u00e9es auxdits Utilisateurs.<\/span><\/p>\n<p><span style=\"font-weight: 400;\">Par ailleurs, il est rappel\u00e9 que les Donn\u00e9es Personnelles demand\u00e9es aux Utilisateurs sont notamment n\u00e9cessaires pour prendre contact avec celui-ci.<\/span><\/p>\n<h3><span style=\"font-weight: 400;\">Destinataires des Donn\u00e9es Personnelles<\/span><\/h3>\n<p><span style=\"font-weight: 400;\">La Soci\u00e9t\u00e9 s\u2019engage \u00e0 garantir la confidentialit\u00e9 des Donn\u00e9es Personnelles trait\u00e9es dans le cadre de l\u2019ex\u00e9cution de ses obligations.<\/span><\/p>\n<p><span style=\"font-weight: 400;\">Par ailleurs, ces donn\u00e9es \u00e9tant susceptibles d\u2019\u00eatre communiqu\u00e9es aux partenaires de la Soci\u00e9t\u00e9 charg\u00e9s de l\u2019ex\u00e9cution, du traitement, de la gestion et du paiement des commandes, la Soci\u00e9t\u00e9 veille \u00e0 ce que ces partenaires pr\u00e9sentent les m\u00eames garanties suffisantes quant \u00e0 la mise en \u0153uvre de mesures techniques et organisationnelles appropri\u00e9es, de mani\u00e8re \u00e0 ce que le traitement r\u00e9ponde aux exigences de la r\u00e9glementation applicable.<\/span><\/p>\n<p><span style=\"font-weight: 400;\">En outre, la Soci\u00e9t\u00e9 est en droit de divulguer les Donn\u00e9es Personnelles des Utilisateurs, en cas d\u2019obligation par la loi ou en cas de violation des pr\u00e9sentes par lesdits Utilisateurs.<\/span><\/p>\n<h3><span style=\"font-weight: 400;\">Consentement<\/span><\/h3>\n<p><span style=\"font-weight: 400;\">Le consentement des Utilisateurs est pr\u00e9sum\u00e9 aux fins d\u2019utilisation desdites donn\u00e9es aux fins uniquement de contact.<\/span><\/p>\n<p><span style=\"font-weight: 400;\">Lorsque les Donn\u00e9es Personnelles des Utilisateurs sont utilis\u00e9es \u00e0 des fins marketing, le consentement pr\u00e9alable express des Utilisateurs est n\u00e9cessaire. Les Utilisateurs ont toujours la possibilit\u00e9 de r\u00e9tracter leur consentement en adressant un e-mail \u00e0 l\u2019adresse : hello@osswaldigital.fr<\/span><\/p>\n<h3><span style=\"font-weight: 400;\">S\u00e9curit\u00e9<\/span><\/h3>\n<p><span style=\"font-weight: 400;\">La Soci\u00e9t\u00e9 s\u2019engage \u00e0 mettre en \u0153uvre tous les moyens n\u00e9cessaires pour assurer la s\u00e9curit\u00e9 et la confidentialit\u00e9 des Donn\u00e9es Personnelles.<\/span><\/p>\n<p><span style=\"font-weight: 400;\">Ainsi, afin de prot\u00e9ger les Donn\u00e9es Personnelles des visiteurs de son Site, la Soci\u00e9t\u00e9 prend un ensemble de pr\u00e9cautions et suit les meilleures pratiques en la mati\u00e8re, pour assurer que lesdites donn\u00e9es ne soient pas perdues, d\u00e9tourn\u00e9es, consult\u00e9es, divulgu\u00e9es, modifi\u00e9es ou d\u00e9truites de mani\u00e8re inappropri\u00e9e.<\/span><\/p>\n<h3><span style=\"font-weight: 400;\">Commentaires<\/span><\/h3>\n<p><span style=\"font-weight: 400;\">Quand vous laissez vos informations de contacts sur notre site web, les donn\u00e9es inscrites dans le formulaire, mais aussi votre adresse IP et l\u2019agent utilisateur de votre navigateur sont collect\u00e9s pour nous aider \u00e0 la d\u00e9tection des messages ind\u00e9sirables.<\/span><\/p>\n<p><span style=\"font-weight: 400;\">Une cha\u00eene anonymis\u00e9e cr\u00e9\u00e9e \u00e0 partir de votre adresse de messagerie (\u00e9galement appel\u00e9e hash) peut \u00eatre envoy\u00e9e au service Gravatar pour v\u00e9rifier si vous utilisez ce dernier. Les clauses de confidentialit\u00e9 du service Gravatar sont disponibles ici : https:\/\/automattic.com\/privacy\/.<\/span><\/p>\n<p><span style=\"font-weight: 400;\">Apr\u00e8s validation de votre message, vos informations seront envoy\u00e9es sur le mail de la Soci\u00e9t\u00e9.<\/span><\/p>\n<h2><span style=\"font-weight: 400;\">Formulaires de contact<\/span><\/h2>\n<h3><span style=\"font-weight: 400;\">Cookies<\/span><\/h3>\n<p><span style=\"font-weight: 400;\">Qu\u2019est qu\u2019un \u00ab cookie \u00bb ? Un \u00ab cookie \u00bb ou traceur est un fichier \u00e9lectronique d\u00e9pos\u00e9 sur un terminal, tel qu\u2019un ordinateur, une tablette ou un smartphone, et notamment lu lors de la connexion \u00e0 un site internet, de la lecture d\u2019un email, de l\u2019installation ou de l\u2019utilisation d\u2019un logiciel ou d\u2019une application mobile, quel que soit le type de terminal utilis\u00e9.<\/span><\/p>\n<p><span style=\"font-weight: 400;\">Au cas particulier, le bon fonctionnement du Site implique la pr\u00e9sence de cookies implant\u00e9s dans l\u2019ordinateur de l\u2019Utilisateur, lors de sa connexion, afin d\u2019enregistrer les informations relatives \u00e0 la navigation (pages consult\u00e9es, date et heure de la consultation, etc.) et l\u2019identit\u00e9 de ses visiteurs.<\/span><\/p>\n<p><span style=\"font-weight: 400;\">Lors de la premi\u00e8re connexion au Site, une banni\u00e8re d\u2019explication sur l\u2019utilisation des \u00ab cookies \u00bb appara\u00eetra. D\u00e8s lors, en poursuivant la navigation, l\u2019Utilisateur sera r\u00e9put\u00e9 avoir \u00e9t\u00e9 inform\u00e9 et avoir accept\u00e9 l\u2019utilisation desdits \u00ab cookies. \u00bb<\/span><\/p>\n<p><span style=\"font-weight: 400;\">L\u2019utilisateur est en droit de s\u2019opposer \u00e0 l\u2019utilisation des cookies en configurant lui-m\u00eame son logiciel de navigation.<\/span><\/p>\n<p><span style=\"font-weight: 400;\">Si vous d\u00e9posez un commentaire sur notre site, il vous sera propos\u00e9 d\u2019enregistrer votre nom, adresse de messagerie et site web dans des cookies. C\u2019est uniquement pour votre confort afin de ne pas avoir \u00e0 saisir ces informations si vous d\u00e9posez un autre commentaire plus tard. Ces cookies expirent au bout d\u2019un an.<\/span><\/p>\n<p><span style=\"font-weight: 400;\">Si vous vous rendez sur la page de connexion, un cookie temporaire sera cr\u00e9\u00e9 afin de d\u00e9terminer si votre navigateur accepte les cookies. Il ne contient pas de donn\u00e9es personnelles et sera supprim\u00e9 automatiquement \u00e0 la fermeture de votre navigateur.<\/span><\/p>\n<p><span style=\"font-weight: 400;\">Lorsque vous vous connecterez, nous mettrons en place un certain nombre de cookies pour enregistrer vos informations de connexion et vos pr\u00e9f\u00e9rences d\u2019\u00e9cran. La dur\u00e9e de vie d\u2019un cookie de connexion est de deux jours, celle d\u2019un cookie d\u2019option d\u2019\u00e9cran est d\u2019un an. Si vous cochez \u00ab Se souvenir de moi \u00bb, votre cookie de connexion sera conserv\u00e9 pendant deux semaines. Si vous vous d\u00e9connectez de votre compte, le cookie de connexion sera effac\u00e9.<\/span><\/p>\n<p><span style=\"font-weight: 400;\">En modifiant ou en publiant une publication, un cookie suppl\u00e9mentaire sera enregistr\u00e9 dans votre navigateur. Ce cookie ne comprend aucune donn\u00e9e personnelle. Il indique simplement l\u2019ID de la publication que vous venez de modifier. Il expire au bout d\u2019un jour.<\/span><\/p>\n<h3><span style=\"font-weight: 400;\">Contenu embarqu\u00e9 depuis d\u2019autres sites<\/span><\/h3>\n<p><span style=\"font-weight: 400;\">Les pages de ce site peuvent inclure des contenus int\u00e9gr\u00e9s (par exemple des vid\u00e9os, images, articles\u2026). Le contenu int\u00e9gr\u00e9 depuis d\u2019autres sites se comporte de la m\u00eame mani\u00e8re que si le visiteur se rendait sur cet autre site.<\/span><\/p>\n<p><span style=\"font-weight: 400;\">Ces sites web pourraient collecter des donn\u00e9es sur vous, utiliser des cookies, embarquer des outils de suivis tiers, suivre vos interactions avec ces contenus embarqu\u00e9s si vous disposez d\u2019un compte connect\u00e9 sur leur site web.<\/span><\/p>\n<h3><span style=\"font-weight: 400;\">Stockage de vos donn\u00e9es<\/span><\/h3>\n<p><span style=\"font-weight: 400;\">Le site est h\u00e9berg\u00e9 par la soci\u00e9t\u00e9 OVH, SAS au capital social de 10 069 020 EUR, immatricul\u00e9e au RCS de Lille M\u00e9tropole sous le num\u00e9ro 424 761 419 00045, dont le si\u00e8ge social est situ\u00e9 2 rue Kellermann \u2013 59100 Roubaix (France).<\/span><\/p>\n<p><span style=\"font-weight: 400;\">Les Donn\u00e9es Personnelles recueillies sont h\u00e9berg\u00e9es par la soci\u00e9t\u00e9 OVH, SAS au capital social de 10 069 020 EUR, immatricul\u00e9e au RCS de Lille M\u00e9tropole sous le num\u00e9ro 424 761 419 00045, dont le si\u00e8ge social est situ\u00e9 2 rue Kellermann \u2013 59100 Roubaix (France).<\/span><\/p>\n<p><span style=\"font-weight: 400;\">Pour les utilisateurs et utilisatrices qui s\u2019enregistrent sur notre site (si cela est possible), nous stockons \u00e9galement les donn\u00e9es personnelles indiqu\u00e9es.<\/span><\/p>\n<h3><span style=\"font-weight: 400;\">Les droits que vous avez sur vos donn\u00e9es<\/span><\/h3>\n<p><span style=\"font-weight: 400;\">L\u2019utilisateur dispose, conform\u00e9ment aux r\u00e9glementations nationales et europ\u00e9ennes en vigueur d\u2019un droit d\u2019acc\u00e8s permanent, de modification, de rectification, de limitation, d\u2019opposition et de portabilit\u00e9 s\u2019agissant des informations le concernant.<\/span><\/p>\n<p><span style=\"font-weight: 400;\">Pour exercer ses droits, il suffit au visiteur d\u2019\u00e9crire \u00e0 l\u2019adresse e-mail suivante : hello@osswaldigital.fr.<\/span><\/p>\n<p><span style=\"font-weight: 400;\">Si l\u2019Utilisateurs ne souhaite plus recevoir les actualit\u00e9s de la Soci\u00e9t\u00e9, ses sollicitations (par t\u00e9l\u00e9phone, SMS, courrier postal ou email) et invitations, il a la facult\u00e9 de le lui indiquer via le lien r\u00e9serv\u00e9 \u00e0 cet effet, de modifier ses choix en la contactant dans les conditions \u00e9voqu\u00e9es ci-dessus.<\/span><\/p>\n<p><span style=\"font-weight: 400;\">Par ailleurs, si un Utilisateur a des raisons de penser que la s\u00e9curit\u00e9 de ses Donn\u00e9es Personnelles a \u00e9t\u00e9 compromise ou que ces Donn\u00e9es ont fait l\u2019objet d\u2019une utilisation abusive, il est en droit de contacter la Soci\u00e9t\u00e9 \u00e0 l\u2019adresse email suivante : hello@osswaldigital.fr.<\/span><\/p>\n<p><span style=\"font-weight: 400;\">La Soci\u00e9t\u00e9 instruira les r\u00e9clamations concernant l\u2019utilisation et la divulgation de Donn\u00e9es Personnelles et tentera de trouver une solution conform\u00e9ment \u00e0 la r\u00e9glementation en vigueur.<\/span><\/p>\n<p><span style=\"font-weight: 400;\">Pour toute information compl\u00e9mentaire ou r\u00e9clamation, l\u2019Utilisateur peut contacter la CNIL (www.cnil.fr).<\/span><\/p>\n<p><span style=\"font-weight: 400;\">Si vous avez un compte ou si vous avez laiss\u00e9 des commentaires sur le site, vous pouvez demander \u00e0 recevoir un fichier contenant toutes les donn\u00e9es personnelles que nous poss\u00e9dons \u00e0 votre sujet, incluant celles que vous nous avez fournies. Vous pouvez \u00e9galement demander la suppression des donn\u00e9es personnelles vous concernant. Cela ne prend pas en compte les donn\u00e9es stock\u00e9es \u00e0 des fins administratives, l\u00e9gales ou pour des raisons de s\u00e9curit\u00e9.<\/span><\/p>\n<p><span style=\"font-weight: 400;\">Les pr\u00e9sentes mentions l\u00e9gales r\u00e9gissent la relation contractuelle entre les Parties, laquelle est \u00e0 dur\u00e9e ind\u00e9termin\u00e9e.<\/span><\/p>\n<p><span style=\"font-weight: 400;\">La relation contractuelle entre les Parties prend fin \u00e0 la cl\u00f4ture du compte personnel de l\u2019Utilisateur sur le Site, laquelle peut intervenir :<\/span><\/p>\n<p><span style=\"font-weight: 400;\">\u00e0 tout moment sur demande de l\u2019Utilisateur \u00e0 l\u2019adresse email suivante : hello@osswaldigital.fr ;<\/span><\/p>\n<p><span style=\"font-weight: 400;\">\u00e0 l\u2019enti\u00e8re discr\u00e9tion de la Soci\u00e9t\u00e9, si l\u2019Utilisateur ne respectait pas l\u2019une quelconque de ses obligations au titre des pr\u00e9sentes, sans pr\u00e9judice de tous dommages et int\u00e9r\u00eats \u00e9ventuels que la Soci\u00e9t\u00e9 serait en droit de r\u00e9clamer.<\/span><\/p>\n<h2><span style=\"font-weight: 400;\">Divers<\/span><\/h2>\n<h3><span style=\"font-weight: 400;\">Ind\u00e9pendance des Parties<\/span><\/h3>\n<p><span style=\"font-weight: 400;\">Chacune des Parties est une personne morale juridiquement et financi\u00e8rement ind\u00e9pendante, agissant en son nom propre et sous sa seule responsabilit\u00e9.<\/span><\/p>\n<p><span style=\"font-weight: 400;\">Chaque Partie s\u2019interdit donc de prendre un engagement au nom et pour le compte de l\u2019autre Partie, \u00e0 laquelle elle ne saurait en aucun cas se substituer.<\/span><\/p>\n<h3><span style=\"font-weight: 400;\">Int\u00e9gralit\u00e9<\/span><\/h3>\n<p><span style=\"font-weight: 400;\">Les Parties reconnaissent que les pr\u00e9sentes constituent l\u2019int\u00e9gralit\u00e9 des accords pass\u00e9s entre elles relatifs \u00e0 leur objet et remplacent tous les engagements ant\u00e9rieurs, verbaux et\/ou \u00e9crits, pass\u00e9s entre les Parties, relatifs audit objet. Sauf stipulation expresse contraire, les termes et conditions et obligations du pr\u00e9sent document pr\u00e9vaudront sur tous autres.<\/span><\/p>\n<h3><span style=\"font-weight: 400;\">Nullit\u00e9<\/span><\/h3>\n<p><span style=\"font-weight: 400;\">La nullit\u00e9, l\u2019inopposabilit\u00e9, ou plus g\u00e9n\u00e9ralement, l\u2019absence d\u2019effet de l\u2019une quelconque des stipulations des pr\u00e9sentes n\u2019affectera pas les autres stipulations qui demeureront parfaitement valables et contraignantes.<\/span><\/p>\n<h3><span style=\"font-weight: 400;\">Non renonciation<\/span><\/h3>\n<p><span style=\"font-weight: 400;\">Le fait pour l\u2019une des Parties de ne pas se pr\u00e9valoir d\u2019un manquement par l\u2019autre Partie \u00e0 l\u2019une quelconque des obligations vis\u00e9es aux pr\u00e9sentes, ne saurait \u00eatre interpr\u00e9t\u00e9e pour l\u2019avenir comme une renonciation \u00e0 l\u2019obligation en cause.<\/span><\/p>\n<h3><span style=\"font-weight: 400;\">Loi applicable et juridiction comp\u00e9tente<\/span><\/h3>\n<p><span style=\"font-weight: 400;\">Les mentions l\u00e9gales sont soumises au droit fran\u00e7ais.<\/span><\/p>\n<p><span style=\"font-weight: 400;\">Pour les Utilisateurs agissant dans le cadre de leur activit\u00e9 professionnel, le Tribunal de commerce sera seul comp\u00e9tent pour conna\u00eetre des contestations relatives aux pr\u00e9sentes, \u00e0 d\u00e9faut d\u2019accord amiable entre les Parties.<\/span><\/p>\n<p><span style=\"font-weight: 400;\">En tout \u00e9tat de cause, l\u2019Utilisateur est d\u00fbment inform\u00e9 qu\u2019il est en droit de recourir \u00e0 une m\u00e9diation conform\u00e9ment aux dispositions de l\u2019article L. 111-1 du Code de la consommation.<\/span><\/p>\n<h3><span style=\"font-weight: 400;\">Version fran\u00e7aise et \u00e9trang\u00e8re<\/span><\/h3>\n<p><span style=\"font-weight: 400;\">Les pr\u00e9sentes mentions l\u00e9gales sont r\u00e9dig\u00e9es en fran\u00e7ais. En cas de contradiction ou de contresens, elles pr\u00e9vaudront sur toute autre version qui serait r\u00e9dig\u00e9e dans une autre langue \u00e0 la demande de l\u2019Utilisateur.<\/span><\/p>\n<\/div><\/div><\/div><\/div><\/div>","protected":false},"excerpt":{"rendered":"","protected":false},"author":1,"featured_media":0,"parent":0,"menu_order":0,"comment_status":"closed","ping_status":"open","template":"","meta":{"footnotes":""},"class_list":["post-3","page","type-page","status-publish","hentry"],"_links":{"self":[{"href":"https:\/\/osswaldigital.fr\/index.php\/wp-json\/wp\/v2\/pages\/3","targetHints":{"allow":["GET"]}}],"collection":[{"href":"https:\/\/osswaldigital.fr\/index.php\/wp-json\/wp\/v2\/pages"}],"about":[{"href":"https:\/\/osswaldigital.fr\/index.php\/wp-json\/wp\/v2\/types\/page"}],"author":[{"embeddable":true,"href":"https:\/\/osswaldigital.fr\/index.php\/wp-json\/wp\/v2\/users\/1"}],"replies":[{"embeddable":true,"href":"https:\/\/osswaldigital.fr\/index.php\/wp-json\/wp\/v2\/comments?post=3"}],"version-history":[{"count":5,"href":"https:\/\/osswaldigital.fr\/index.php\/wp-json\/wp\/v2\/pages\/3\/revisions"}],"predecessor-version":[{"id":2204,"href":"https:\/\/osswaldigital.fr\/index.php\/wp-json\/wp\/v2\/pages\/3\/revisions\/2204"}],"wp:attachment":[{"href":"https:\/\/osswaldigital.fr\/index.php\/wp-json\/wp\/v2\/media?parent=3"}],"curies":[{"name":"wp","href":"https:\/\/api.w.org\/{rel}","templated":true}]}}